{"id":241984,"date":"2025-09-08T10:40:22","date_gmt":"2025-09-08T08:40:22","guid":{"rendered":"https:\/\/www.mediaspecs.be\/?page_id=241984"},"modified":"2025-09-25T09:15:45","modified_gmt":"2025-09-25T07:15:45","slug":"a-propos-de-the-media-leader","status":"publish","type":"page","link":"https:\/\/www.mediaspecs.be\/fr\/a-propos-de-the-media-leader\/","title":{"rendered":"\u00c0 propos de The Media Leader"},"content":{"rendered":"<p data-start=\"143\" data-end=\"646\"><strong data-start=\"143\" data-end=\"163\">The Media Leader<\/strong> est une plateforme internationale d\u00e9di\u00e9e \u00e0 l\u2019actualit\u00e9, \u00e0 l\u2019analyse et aux tendances du secteur des m\u00e9dias. La marque trouve son origine en 2002 au Royaume-Uni, o\u00f9 elle a \u00e9t\u00e9 lanc\u00e9e sous le nom de <strong>Mediatel Newsline<\/strong>. Ce qui n\u2019\u00e9tait \u00e0 l\u2019\u00e9poque qu\u2019un site d\u2019information sp\u00e9cialis\u00e9 pour les professionnels des m\u00e9dias est rapidement devenu une source incontournable pour tous ceux qui souhaitent suivre les \u00e9volutions, les innovations et les d\u00e9veloppements strat\u00e9giques du secteur.<\/p>\n<p data-start=\"648\" data-end=\"1187\">En 2022, la plateforme a connu une transformation majeure et a pris son nom actuel : The Media Leader. Aujourd\u2019hui, elle est pr\u00e9sente au <a href=\"https:\/\/uk.themedialeader.com\/\">Royaume-Uni<\/a>, aux <a href=\"https:\/\/uk.themedialeader.com\/us\/\">\u00c9tats-Unis<\/a> et en <a href=\"https:\/\/fr.themedialeader.com\/\">France<\/a>, au sein du groupe international <strong data-start=\"882\" data-end=\"894\">Adwanted<\/strong>. The Media Leader s\u2019est impos\u00e9 comme une r\u00e9f\u00e9rence gr\u00e2ce \u00e0 la qualit\u00e9 de ses analyses approfondies, ses interviews exclusives et ses \u00e9v\u00e9nements inspirants, tels que <em>The Future of Media, The Media Leader Summit <\/em>et <em>The Future of TV Advertising<\/em>.<\/p>\n<p data-start=\"648\" data-end=\"1187\">En France, The Media Leader (anciennement <strong data-start=\"1235\" data-end=\"1261\">100%Media\/Offremedia<\/strong>) touche pas moins de 40 000 abonn\u00e9s gr\u00e2ce \u00e0 ses newsletters quotidiennes, enrichies d\u2019\u00e9ditions th\u00e9matiques telles que <em>Impact<\/em> et <em>AdTech<\/em>. La plateforme occupe \u00e9galement une place forte gr\u00e2ce \u00e0 son podcast <em>100%Media Week<\/em> et \u00e0 l\u2019organisation d\u2019\u00e9v\u00e9nements majeurs comme le <em>Prix Agence Media<\/em> et le <em>Retail Media Forum<\/em>.<\/p>\n<p data-start=\"1628\" data-end=\"2155\">En septembre 2025, The Media Leader se d\u00e9ploie en Belgique avec le lancement de <a href=\"https:\/\/be.themedialeader.com\/\"><strong data-start=\"1720\" data-end=\"1749\">The Media Leader Belgique<\/strong><\/a>. Cette extension s\u2019inscrit dans la continuit\u00e9 de l\u2019acquisition de MediaSpecs par Adwanted Group en d\u00e9cembre 2024. En Belgique, The Media Leader succ\u00e8de \u00e0 <strong data-start=\"1918\" data-end=\"1937\">MediaSpecs News<\/strong>, qui informe les professionnels sur l\u2019actualit\u00e9 et les tendances du march\u00e9 belge depuis 2008. Ce lancement marque la cr\u00e9ation d\u2019une \u00e9dition enti\u00e8rement d\u00e9di\u00e9e aux besoins et sp\u00e9cificit\u00e9s de la m\u00e9diasph\u00e8re belge.<\/p>\n<p data-start=\"2157\" data-end=\"2607\">En parall\u00e8le du site web gratuit, The Media Leader Belgique propose une newsletter hebdomadaire. Chaque lundi matin, <strong data-start=\"2295\" data-end=\"2335\">The Media Leader Belgique Newsletter<\/strong> informe plus de 8 000 abonn\u00e9s des derni\u00e8res actualit\u00e9s m\u00e9dias, des \u00e9volutions locales et des analyses sectorielles pertinentes.<\/p>\n<p data-start=\"2609\" data-end=\"2659\"><a href=\"mailto:contact@themedialeader.be\">Contactez<\/a> The Media Leader Belgique ou <a href=\"https:\/\/www.mediaspecs.be\/fr\/s-inscrire-a-la-newsletter\/\">abonnez-vous \u00e0 la newsletter<\/a>.<\/p>\n<p data-start=\"2609\" data-end=\"2659\"><a href=\"https:\/\/be.themedialeader.com\/\"><img loading=\"lazy\" decoding=\"async\" width=\"625\" height=\"194\" class=\"size-full wp-image-242492 aligncenter\" src=\"https:\/\/www.mediaspecs.be\/wp-content\/uploads\/2025\/09\/Logo_TML.png\" alt=\"\" srcset=\"https:\/\/www.mediaspecs.be\/wp-content\/uploads\/2025\/09\/Logo_TML.png 625w, https:\/\/www.mediaspecs.be\/wp-content\/uploads\/2025\/09\/Logo_TML-185x57.png 185w, https:\/\/www.mediaspecs.be\/wp-content\/uploads\/2025\/09\/Logo_TML-88x27.png 88w\" sizes=\"auto, (max-width: 625px) 100vw, 625px\" \/><\/a><\/p>\n","protected":false},"excerpt":{"rendered":"<p>The Media Leader est une plateforme internationale d\u00e9di\u00e9e \u00e0 l\u2019actualit\u00e9, \u00e0 l\u2019analyse et aux tendances du secteur des m\u00e9dias. La marque trouve son origine en 2002 au Royaume-Uni, o\u00f9 elle a \u00e9t\u00e9 lanc\u00e9e sous le nom de Mediatel Newsline. Ce qui n\u2019\u00e9tait \u00e0 l\u2019\u00e9poque qu\u2019un site d\u2019information sp\u00e9cialis\u00e9 pour les professionnels des m\u00e9dias est rapidement [&hellip;]<\/p>\n","protected":false},"author":7,"featured_media":0,"parent":0,"menu_order":0,"comment_status":"closed","ping_status":"closed","template":"","meta":{"_acf_changed":false,"_monsterinsights_skip_tracking":false,"_monsterinsights_sitenote_active":false,"_monsterinsights_sitenote_note":"","_monsterinsights_sitenote_category":0,"footnotes":""},"class_list":["post-241984","page","type-page","status-publish","hentry"],"acf":[],"yoast_head":"<!-- This site is optimized with the Yoast SEO plugin v26.8 - https:\/\/yoast.com\/product\/yoast-seo-wordpress\/ -->\n<title>\u00c0 propos de The Media Leader - MediaSpecs<\/title>\n<meta name=\"description\" content=\"The Media Leader Belgique est la plateforme d\u2019information d\u00e9di\u00e9e aux professionnels des m\u00e9dias, de la publicit\u00e9 et de la communication.\" \/>\n<meta name=\"robots\" content=\"index, follow, max-snippet:-1, max-image-preview:large, max-video-preview:-1\" \/>\n<link rel=\"canonical\" href=\"https:\/\/www.mediaspecs.be\/fr\/a-propos-de-the-media-leader\/\" \/>\n<meta property=\"og:locale\" content=\"fr_FR\" \/>\n<meta property=\"og:type\" content=\"article\" \/>\n<meta property=\"og:title\" content=\"\u00c0 propos de The Media Leader - MediaSpecs\" \/>\n<meta property=\"og:description\" content=\"The Media Leader Belgique est la plateforme d\u2019information d\u00e9di\u00e9e aux professionnels des m\u00e9dias, de la publicit\u00e9 et de la communication.\" \/>\n<meta property=\"og:url\" content=\"https:\/\/www.mediaspecs.be\/fr\/a-propos-de-the-media-leader\/\" \/>\n<meta property=\"og:site_name\" content=\"MediaSpecs\" \/>\n<meta property=\"article:modified_time\" content=\"2025-09-25T07:15:45+00:00\" \/>\n<meta property=\"og:image\" content=\"https:\/\/www.mediaspecs.be\/wp-content\/uploads\/2025\/09\/Logo_TML.png\" \/>\n\t<meta property=\"og:image:width\" content=\"625\" \/>\n\t<meta property=\"og:image:height\" content=\"194\" \/>\n\t<meta property=\"og:image:type\" content=\"image\/png\" \/>\n<meta name=\"twitter:card\" content=\"summary_large_image\" \/>\n<meta name=\"twitter:label1\" content=\"Dur\u00e9e de lecture estim\u00e9e\" \/>\n\t<meta name=\"twitter:data1\" content=\"2 minutes\" \/>\n<script type=\"application\/ld+json\" class=\"yoast-schema-graph\">{\"@context\":\"https:\/\/schema.org\",\"@graph\":[{\"@type\":\"WebPage\",\"@id\":\"https:\/\/www.mediaspecs.be\/fr\/a-propos-de-the-media-leader\/\",\"url\":\"https:\/\/www.mediaspecs.be\/fr\/a-propos-de-the-media-leader\/\",\"name\":\"\u00c0 propos de The Media Leader - MediaSpecs\",\"isPartOf\":{\"@id\":\"https:\/\/www.mediaspecs.be\/#website\"},\"primaryImageOfPage\":{\"@id\":\"https:\/\/www.mediaspecs.be\/fr\/a-propos-de-the-media-leader\/#primaryimage\"},\"image\":{\"@id\":\"https:\/\/www.mediaspecs.be\/fr\/a-propos-de-the-media-leader\/#primaryimage\"},\"thumbnailUrl\":\"https:\/\/www.mediaspecs.be\/wp-content\/uploads\/2025\/09\/Logo_TML.png\",\"datePublished\":\"2025-09-08T08:40:22+00:00\",\"dateModified\":\"2025-09-25T07:15:45+00:00\",\"description\":\"The Media Leader Belgique est la plateforme d\u2019information d\u00e9di\u00e9e aux professionnels des m\u00e9dias, de la publicit\u00e9 et de la communication.\",\"breadcrumb\":{\"@id\":\"https:\/\/www.mediaspecs.be\/fr\/a-propos-de-the-media-leader\/#breadcrumb\"},\"inLanguage\":\"fr-FR\",\"potentialAction\":[{\"@type\":\"ReadAction\",\"target\":[\"https:\/\/www.mediaspecs.be\/fr\/a-propos-de-the-media-leader\/\"]}]},{\"@type\":\"ImageObject\",\"inLanguage\":\"fr-FR\",\"@id\":\"https:\/\/www.mediaspecs.be\/fr\/a-propos-de-the-media-leader\/#primaryimage\",\"url\":\"https:\/\/www.mediaspecs.be\/wp-content\/uploads\/2025\/09\/Logo_TML.png\",\"contentUrl\":\"https:\/\/www.mediaspecs.be\/wp-content\/uploads\/2025\/09\/Logo_TML.png\"},{\"@type\":\"BreadcrumbList\",\"@id\":\"https:\/\/www.mediaspecs.be\/fr\/a-propos-de-the-media-leader\/#breadcrumb\",\"itemListElement\":[{\"@type\":\"ListItem\",\"position\":1,\"name\":\"Home\",\"item\":\"https:\/\/www.mediaspecs.be\/fr\/\"},{\"@type\":\"ListItem\",\"position\":2,\"name\":\"\u00c0 propos de The Media Leader\"}]},{\"@type\":\"WebSite\",\"@id\":\"https:\/\/www.mediaspecs.be\/#website\",\"url\":\"https:\/\/www.mediaspecs.be\/\",\"name\":\"MediaSpecs\",\"description\":\"\",\"potentialAction\":[{\"@type\":\"SearchAction\",\"target\":{\"@type\":\"EntryPoint\",\"urlTemplate\":\"https:\/\/www.mediaspecs.be\/?s={search_term_string}\"},\"query-input\":{\"@type\":\"PropertyValueSpecification\",\"valueRequired\":true,\"valueName\":\"search_term_string\"}}],\"inLanguage\":\"fr-FR\"}]}<\/script>\n<!-- \/ Yoast SEO plugin. -->","yoast_head_json":{"title":"\u00c0 propos de The Media Leader - MediaSpecs","description":"The Media Leader Belgique est la plateforme d\u2019information d\u00e9di\u00e9e aux professionnels des m\u00e9dias, de la publicit\u00e9 et de la communication.","robots":{"index":"index","follow":"follow","max-snippet":"max-snippet:-1","max-image-preview":"max-image-preview:large","max-video-preview":"max-video-preview:-1"},"canonical":"https:\/\/www.mediaspecs.be\/fr\/a-propos-de-the-media-leader\/","og_locale":"fr_FR","og_type":"article","og_title":"\u00c0 propos de The Media Leader - MediaSpecs","og_description":"The Media Leader Belgique est la plateforme d\u2019information d\u00e9di\u00e9e aux professionnels des m\u00e9dias, de la publicit\u00e9 et de la communication.","og_url":"https:\/\/www.mediaspecs.be\/fr\/a-propos-de-the-media-leader\/","og_site_name":"MediaSpecs","article_modified_time":"2025-09-25T07:15:45+00:00","og_image":[{"width":625,"height":194,"url":"https:\/\/www.mediaspecs.be\/wp-content\/uploads\/2025\/09\/Logo_TML.png","type":"image\/png"}],"twitter_card":"summary_large_image","twitter_misc":{"Dur\u00e9e de lecture estim\u00e9e":"2 minutes"},"schema":{"@context":"https:\/\/schema.org","@graph":[{"@type":"WebPage","@id":"https:\/\/www.mediaspecs.be\/fr\/a-propos-de-the-media-leader\/","url":"https:\/\/www.mediaspecs.be\/fr\/a-propos-de-the-media-leader\/","name":"\u00c0 propos de The Media Leader - MediaSpecs","isPartOf":{"@id":"https:\/\/www.mediaspecs.be\/#website"},"primaryImageOfPage":{"@id":"https:\/\/www.mediaspecs.be\/fr\/a-propos-de-the-media-leader\/#primaryimage"},"image":{"@id":"https:\/\/www.mediaspecs.be\/fr\/a-propos-de-the-media-leader\/#primaryimage"},"thumbnailUrl":"https:\/\/www.mediaspecs.be\/wp-content\/uploads\/2025\/09\/Logo_TML.png","datePublished":"2025-09-08T08:40:22+00:00","dateModified":"2025-09-25T07:15:45+00:00","description":"The Media Leader Belgique est la plateforme d\u2019information d\u00e9di\u00e9e aux professionnels des m\u00e9dias, de la publicit\u00e9 et de la communication.","breadcrumb":{"@id":"https:\/\/www.mediaspecs.be\/fr\/a-propos-de-the-media-leader\/#breadcrumb"},"inLanguage":"fr-FR","potentialAction":[{"@type":"ReadAction","target":["https:\/\/www.mediaspecs.be\/fr\/a-propos-de-the-media-leader\/"]}]},{"@type":"ImageObject","inLanguage":"fr-FR","@id":"https:\/\/www.mediaspecs.be\/fr\/a-propos-de-the-media-leader\/#primaryimage","url":"https:\/\/www.mediaspecs.be\/wp-content\/uploads\/2025\/09\/Logo_TML.png","contentUrl":"https:\/\/www.mediaspecs.be\/wp-content\/uploads\/2025\/09\/Logo_TML.png"},{"@type":"BreadcrumbList","@id":"https:\/\/www.mediaspecs.be\/fr\/a-propos-de-the-media-leader\/#breadcrumb","itemListElement":[{"@type":"ListItem","position":1,"name":"Home","item":"https:\/\/www.mediaspecs.be\/fr\/"},{"@type":"ListItem","position":2,"name":"\u00c0 propos de The Media Leader"}]},{"@type":"WebSite","@id":"https:\/\/www.mediaspecs.be\/#website","url":"https:\/\/www.mediaspecs.be\/","name":"MediaSpecs","description":"","potentialAction":[{"@type":"SearchAction","target":{"@type":"EntryPoint","urlTemplate":"https:\/\/www.mediaspecs.be\/?s={search_term_string}"},"query-input":{"@type":"PropertyValueSpecification","valueRequired":true,"valueName":"search_term_string"}}],"inLanguage":"fr-FR"}]}},"publishpress_future_workflow_manual_trigger":{"enabledWorkflows":[]},"_links":{"self":[{"href":"https:\/\/www.mediaspecs.be\/fr\/wp-json\/wp\/v2\/pages\/241984","targetHints":{"allow":["GET"]}}],"collection":[{"href":"https:\/\/www.mediaspecs.be\/fr\/wp-json\/wp\/v2\/pages"}],"about":[{"href":"https:\/\/www.mediaspecs.be\/fr\/wp-json\/wp\/v2\/types\/page"}],"author":[{"embeddable":true,"href":"https:\/\/www.mediaspecs.be\/fr\/wp-json\/wp\/v2\/users\/7"}],"replies":[{"embeddable":true,"href":"https:\/\/www.mediaspecs.be\/fr\/wp-json\/wp\/v2\/comments?post=241984"}],"version-history":[{"count":0,"href":"https:\/\/www.mediaspecs.be\/fr\/wp-json\/wp\/v2\/pages\/241984\/revisions"}],"wp:attachment":[{"href":"https:\/\/www.mediaspecs.be\/fr\/wp-json\/wp\/v2\/media?parent=241984"}],"curies":[{"name":"wp","href":"https:\/\/api.w.org\/{rel}","templated":true}]}}